{"id":822,"date":"2020-10-19T20:53:48","date_gmt":"2020-10-20T00:53:48","guid":{"rendered":"https:\/\/cepas.qc.ca\/boutique\/?post_type=product&#038;p=822"},"modified":"2021-12-09T16:20:59","modified_gmt":"2021-12-09T21:20:59","slug":"carnets","status":"publish","type":"product","link":"https:\/\/cepas.qc.ca\/boutique\/produit\/carnets\/","title":{"rendered":"Bloc notes avec stylo"},"content":{"rendered":"<p>Fabriqu\u00e9 \u00e0 partir de mat\u00e9riaux partiellement recycl\u00e9s; Boucle \u00e9lastique pour stylo;<\/p>\n<p>Stylo \u00e0 bille \u00e0 encre noire avec corps recycl\u00e9; Bloc-notes de 60 feuilles (120 pages) \u00e0 reliure spirale.<\/p>\n","protected":false},"excerpt":{"rendered":"<p>Note tes souvenirs ainsi que les exp\u00e9riences v\u00e9cues au C\u00c9PAS et dans Charlevoix avec ce carnet. En bonus : Un stylo \u00e0 bille.<\/p>\n","protected":false},"featured_media":1622,"template":"","meta":[],"product_cat":[53],"product_tag":[],"_links":{"self":[{"href":"https:\/\/cepas.qc.ca\/boutique\/wp-json\/wp\/v2\/product\/822"}],"collection":[{"href":"https:\/\/cepas.qc.ca\/boutique\/wp-json\/wp\/v2\/product"}],"about":[{"href":"https:\/\/cepas.qc.ca\/boutique\/wp-json\/wp\/v2\/types\/product"}],"wp:featuredmedia":[{"embeddable":true,"href":"https:\/\/cepas.qc.ca\/boutique\/wp-json\/wp\/v2\/media\/1622"}],"wp:attachment":[{"href":"https:\/\/cepas.qc.ca\/boutique\/wp-json\/wp\/v2\/media?parent=822"}],"wp:term":[{"taxonomy":"product_cat","embeddable":true,"href":"https:\/\/cepas.qc.ca\/boutique\/wp-json\/wp\/v2\/product_cat?post=822"},{"taxonomy":"product_tag","embeddable":true,"href":"https:\/\/cepas.qc.ca\/boutique\/wp-json\/wp\/v2\/product_tag?post=822"}],"curies":[{"name":"wp","href":"https:\/\/api.w.org\/{rel}","templated":true}]}}