{"id":821,"date":"2020-10-19T20:53:30","date_gmt":"2020-10-20T00:53:30","guid":{"rendered":"https:\/\/cepas.qc.ca\/boutique\/?post_type=product&#038;p=821"},"modified":"2021-12-09T16:21:35","modified_gmt":"2021-12-09T21:21:35","slug":"laniere","status":"publish","type":"product","link":"https:\/\/cepas.qc.ca\/boutique\/produit\/laniere\/","title":{"rendered":"Lani\u00e8re (porte-cl\u00e9s)"},"content":{"rendered":"","protected":false},"excerpt":{"rendered":"<p>Lani\u00e8re de polyester fin de 36 pouces aux couleurs du C\u00c9PAS.<\/p>\n","protected":false},"featured_media":1637,"template":"","meta":[],"product_cat":[53],"product_tag":[],"_links":{"self":[{"href":"https:\/\/cepas.qc.ca\/boutique\/wp-json\/wp\/v2\/product\/821"}],"collection":[{"href":"https:\/\/cepas.qc.ca\/boutique\/wp-json\/wp\/v2\/product"}],"about":[{"href":"https:\/\/cepas.qc.ca\/boutique\/wp-json\/wp\/v2\/types\/product"}],"wp:featuredmedia":[{"embeddable":true,"href":"https:\/\/cepas.qc.ca\/boutique\/wp-json\/wp\/v2\/media\/1637"}],"wp:attachment":[{"href":"https:\/\/cepas.qc.ca\/boutique\/wp-json\/wp\/v2\/media?parent=821"}],"wp:term":[{"taxonomy":"product_cat","embeddable":true,"href":"https:\/\/cepas.qc.ca\/boutique\/wp-json\/wp\/v2\/product_cat?post=821"},{"taxonomy":"product_tag","embeddable":true,"href":"https:\/\/cepas.qc.ca\/boutique\/wp-json\/wp\/v2\/product_tag?post=821"}],"curies":[{"name":"wp","href":"https:\/\/api.w.org\/{rel}","templated":true}]}}