{"id":808,"date":"2020-10-19T20:50:41","date_gmt":"2020-10-20T00:50:41","guid":{"rendered":"https:\/\/cepas.qc.ca\/boutique\/?post_type=product&#038;p=808"},"modified":"2021-12-09T16:26:00","modified_gmt":"2021-12-09T21:26:00","slug":"molleton-a-capuchon","status":"publish","type":"product","link":"https:\/\/cepas.qc.ca\/boutique\/produit\/molleton-a-capuchon\/","title":{"rendered":"Molleton \u00e0 capuchon homme"},"content":{"rendered":"<p>50 % coton, 50 % polyester, pre\u0301re\u0301tre\u0301ci Coupe classique Capuchon a\u0300 doublure double Taille et poignets a\u0300 piqu\u0302re double Poche kangourou Tissu tourne\u0301 d\u2019un quart de tour Co\u0302tele\u0301 renforce\u0301 avec spandex 1&#215;1 Cordon assorti E\u0301tiquette en satin Tricot molletonne\u0301<\/p>\n","protected":false},"excerpt":{"rendered":"<p>Ce chandail \u00e0 capuchon est si douillet que tu ne voudras plus l\u2019enlever! Il poss\u00e8de une poche kangourou, a une coupe \u00e9troite \u00e0 la taille (mod\u00e8le femme) et un capuchon double \u00e9paisseur pour se garder au chaud.<\/p>\n","protected":false},"featured_media":1788,"template":"","meta":[],"product_cat":[53],"product_tag":[],"_links":{"self":[{"href":"https:\/\/cepas.qc.ca\/boutique\/wp-json\/wp\/v2\/product\/808"}],"collection":[{"href":"https:\/\/cepas.qc.ca\/boutique\/wp-json\/wp\/v2\/product"}],"about":[{"href":"https:\/\/cepas.qc.ca\/boutique\/wp-json\/wp\/v2\/types\/product"}],"wp:featuredmedia":[{"embeddable":true,"href":"https:\/\/cepas.qc.ca\/boutique\/wp-json\/wp\/v2\/media\/1788"}],"wp:attachment":[{"href":"https:\/\/cepas.qc.ca\/boutique\/wp-json\/wp\/v2\/media?parent=808"}],"wp:term":[{"taxonomy":"product_cat","embeddable":true,"href":"https:\/\/cepas.qc.ca\/boutique\/wp-json\/wp\/v2\/product_cat?post=808"},{"taxonomy":"product_tag","embeddable":true,"href":"https:\/\/cepas.qc.ca\/boutique\/wp-json\/wp\/v2\/product_tag?post=808"}],"curies":[{"name":"wp","href":"https:\/\/api.w.org\/{rel}","templated":true}]}}