{"id":756,"date":"2020-10-19T20:40:07","date_gmt":"2020-10-20T00:40:07","guid":{"rendered":"https:\/\/cepas.qc.ca\/boutique\/?post_type=product&#038;p=756"},"modified":"2021-12-09T16:26:38","modified_gmt":"2021-12-09T21:26:38","slug":"chandail","status":"publish","type":"product","link":"https:\/\/cepas.qc.ca\/boutique\/produit\/chandail\/","title":{"rendered":"Chandail manche courte adulte (unisexe)"},"content":{"rendered":"<ul>\n<li>Mod\u00e8le unisexe<\/li>\n<li>Coupe r\u00e9guli\u00e8re<\/li>\n<li>100% coton pr\u00e9-r\u00e9tr\u00e9ci<\/li>\n<li>Jersey pr\u00e9-r\u00e9tr\u00e9ci<\/li>\n<li>Bande de recouvrement aux \u00e9paules et au col<\/li>\n<li>Piq\u00fbres doubles aux ourlets des manches et de la taille<\/li>\n<li>Tourn\u00e9 d\u2019un quart de tour pour \u00e9liminer le pli central<\/li>\n<li>Encolure int\u00e9gr\u00e9e de \u215e\u2033 \u00e0 piq\u00fbre double<\/li>\n<li>\u00c9tiquette d\u00e9tachable.<\/li>\n<\/ul>\n","protected":false},"excerpt":{"rendered":"<p>Affiche ta passion pour le C\u00c9PAS et Charlevoix avec notre t-shirt 100% coton hyper confortable.<\/p>\n","protected":false},"featured_media":1632,"template":"","meta":[],"product_cat":[53],"product_tag":[],"_links":{"self":[{"href":"https:\/\/cepas.qc.ca\/boutique\/wp-json\/wp\/v2\/product\/756"}],"collection":[{"href":"https:\/\/cepas.qc.ca\/boutique\/wp-json\/wp\/v2\/product"}],"about":[{"href":"https:\/\/cepas.qc.ca\/boutique\/wp-json\/wp\/v2\/types\/product"}],"wp:featuredmedia":[{"embeddable":true,"href":"https:\/\/cepas.qc.ca\/boutique\/wp-json\/wp\/v2\/media\/1632"}],"wp:attachment":[{"href":"https:\/\/cepas.qc.ca\/boutique\/wp-json\/wp\/v2\/media?parent=756"}],"wp:term":[{"taxonomy":"product_cat","embeddable":true,"href":"https:\/\/cepas.qc.ca\/boutique\/wp-json\/wp\/v2\/product_cat?post=756"},{"taxonomy":"product_tag","embeddable":true,"href":"https:\/\/cepas.qc.ca\/boutique\/wp-json\/wp\/v2\/product_tag?post=756"}],"curies":[{"name":"wp","href":"https:\/\/api.w.org\/{rel}","templated":true}]}}