{"id":1928,"date":"2020-12-07T11:58:31","date_gmt":"2020-12-07T16:58:31","guid":{"rendered":"https:\/\/cepas.qc.ca\/boutique\/?post_type=product&#038;p=1928"},"modified":"2021-12-09T16:25:20","modified_gmt":"2021-12-09T21:25:20","slug":"molleton-a-capuchon-enfant","status":"publish","type":"product","link":"https:\/\/cepas.qc.ca\/boutique\/produit\/molleton-a-capuchon-enfant\/","title":{"rendered":"Molleton \u00e0 capuchon enfant"},"content":{"rendered":"<p>50 % coton, 50 % polyester, pre\u0301re\u0301tre\u0301ci Coupe classique Capuchon a\u0300 doublure double Taille et poignets a\u0300 piqu\u0302re double Poche kangourou Tissu tourne\u0301 d\u2019un quart de tour Co\u0302tele\u0301 renforce\u0301 avec spandex 1&#215;1 Cordon assorti E\u0301tiquette en satin Tricot molletonne\u0301<\/p>\n","protected":false},"excerpt":{"rendered":"<p>Ce chandail \u00e0 capuchon est si douillet que tu ne voudras plus l\u2019enlever! Il poss\u00e8de une poche kangourou, a une coupe \u00e9troite \u00e0 la taille (mod\u00e8le femme) et un capuchon double \u00e9paisseur pour se garder au chaud.<\/p>\n","protected":false},"featured_media":1787,"template":"","meta":[],"product_cat":[53],"product_tag":[],"_links":{"self":[{"href":"https:\/\/cepas.qc.ca\/boutique\/wp-json\/wp\/v2\/product\/1928"}],"collection":[{"href":"https:\/\/cepas.qc.ca\/boutique\/wp-json\/wp\/v2\/product"}],"about":[{"href":"https:\/\/cepas.qc.ca\/boutique\/wp-json\/wp\/v2\/types\/product"}],"wp:featuredmedia":[{"embeddable":true,"href":"https:\/\/cepas.qc.ca\/boutique\/wp-json\/wp\/v2\/media\/1787"}],"wp:attachment":[{"href":"https:\/\/cepas.qc.ca\/boutique\/wp-json\/wp\/v2\/media?parent=1928"}],"wp:term":[{"taxonomy":"product_cat","embeddable":true,"href":"https:\/\/cepas.qc.ca\/boutique\/wp-json\/wp\/v2\/product_cat?post=1928"},{"taxonomy":"product_tag","embeddable":true,"href":"https:\/\/cepas.qc.ca\/boutique\/wp-json\/wp\/v2\/product_tag?post=1928"}],"curies":[{"name":"wp","href":"https:\/\/api.w.org\/{rel}","templated":true}]}}